{"id":123,"date":"2023-06-19T17:40:21","date_gmt":"2023-06-19T17:40:21","guid":{"rendered":"https:\/\/www.eineweltgruppe.ch\/?page_id=123"},"modified":"2023-09-06T17:01:22","modified_gmt":"2023-09-06T17:01:22","slug":"unsere-projekt","status":"publish","type":"page","link":"https:\/\/www.eineweltgruppe.ch\/suedafrika\/unsere-projekt\/","title":{"rendered":"Unsere Projekte"},"content":{"rendered":"\n<p><a href=\"https:\/\/www.eineweltgruppe.ch\/ewgr\/index.php\/admin.html\"><strong>Unsere Projekte <\/strong><\/a><strong><\/strong><\/p>\n\n\n\n<figure class=\"wp-block-table\"><table><tbody><tr><td><br>Wir f\u00f6rdern konkrete Projekte auf verschiedenen Kontinenten und unterst\u00fctzen damit Frauen, Kinder und junge Menschen in ihren Bestrebungen nach Freiheit, Gesundheit, Ausbildung und finanzieller Unabh\u00e4ngigkeit. Durch Kontakte mit PartnerInnen in unseren Projekten werden wir direkt informiert und k\u00f6nnen so kontrolliert die Geldmittel dort einsetzen wo es am n\u00f6tigstens ist.<\/td><td><\/td><\/tr><\/tbody><\/table><\/figure>\n\n\n\n<p><strong>Nicaragua<\/strong><\/p>\n\n\n\n<figure class=\"wp-block-image size-full\"><img loading=\"lazy\" decoding=\"async\" width=\"636\" height=\"476\" src=\"http:\/\/www.eineweltgruppe.ch\/wp-content\/uploads\/2023\/06\/Peru-2.jpg\" alt=\"\" class=\"wp-image-43\" srcset=\"https:\/\/www.eineweltgruppe.ch\/wp-content\/uploads\/2023\/06\/Peru-2.jpg 636w, https:\/\/www.eineweltgruppe.ch\/wp-content\/uploads\/2023\/06\/Peru-2-300x225.jpg 300w\" sizes=\"auto, (max-width: 636px) 100vw, 636px\" \/><\/figure>\n\n\n\n<p><strong>Kongo<\/strong><\/p>\n\n\n\n<figure class=\"wp-block-image size-full\"><img loading=\"lazy\" decoding=\"async\" width=\"570\" height=\"428\" src=\"http:\/\/www.eineweltgruppe.ch\/wp-content\/uploads\/2023\/06\/Kongo-03.jpg\" alt=\"\" class=\"wp-image-141\" srcset=\"https:\/\/www.eineweltgruppe.ch\/wp-content\/uploads\/2023\/06\/Kongo-03.jpg 570w, https:\/\/www.eineweltgruppe.ch\/wp-content\/uploads\/2023\/06\/Kongo-03-300x225.jpg 300w\" sizes=\"auto, (max-width: 570px) 100vw, 570px\" \/><\/figure>\n\n\n\n<p><strong>Peru<\/strong><\/p>\n\n\n\n<figure class=\"wp-block-image size-full\"><img decoding=\"async\" src=\"http:\/\/www.eineweltgruppe.ch\/wp-content\/uploads\/2023\/06\/Peru-4.jpg\" alt=\"\" class=\"wp-image-50\"\/><\/figure>\n\n\n\n<p><strong>Tansania<\/strong><\/p>\n\n\n\n<figure class=\"wp-block-image size-large\"><img loading=\"lazy\" decoding=\"async\" width=\"814\" height=\"1024\" src=\"http:\/\/www.eineweltgruppe.ch\/wp-content\/uploads\/2023\/06\/Tansania-4-814x1024.jpg\" alt=\"\" class=\"wp-image-143\" srcset=\"https:\/\/www.eineweltgruppe.ch\/wp-content\/uploads\/2023\/06\/Tansania-4-814x1024.jpg 814w, https:\/\/www.eineweltgruppe.ch\/wp-content\/uploads\/2023\/06\/Tansania-4-238x300.jpg 238w, https:\/\/www.eineweltgruppe.ch\/wp-content\/uploads\/2023\/06\/Tansania-4-768x966.jpg 768w, https:\/\/www.eineweltgruppe.ch\/wp-content\/uploads\/2023\/06\/Tansania-4-1221x1536.jpg 1221w, https:\/\/www.eineweltgruppe.ch\/wp-content\/uploads\/2023\/06\/Tansania-4.jpg 1258w\" sizes=\"auto, (max-width: 814px) 100vw, 814px\" \/><\/figure>\n","protected":false},"excerpt":{"rendered":"<p>Unsere Projekte Wir f\u00f6rdern konkrete Projekte auf verschiedenen Kontinenten und unterst\u00fctzen damit Frauen, Kinder und junge Menschen in ihren Bestrebungen nach Freiheit, Gesundheit, Ausbildung und finanzieller Unabh\u00e4ngigkeit. Durch Kontakte mit PartnerInnen in unseren Projekten werden wir direkt informiert und k\u00f6nnen so kontrolliert die Geldmittel dort einsetzen wo es am n\u00f6tigstens ist. Nicaragua Kongo Peru Tansania<\/p>\n","protected":false},"author":1,"featured_media":0,"parent":0,"menu_order":0,"comment_status":"closed","ping_status":"closed","template":"","meta":{"footnotes":""},"class_list":["post-123","page","type-page","status-publish","hentry"],"_links":{"self":[{"href":"https:\/\/www.eineweltgruppe.ch\/suedafrika\/wp-json\/wp\/v2\/pages\/123","targetHints":{"allow":["GET"]}}],"collection":[{"href":"https:\/\/www.eineweltgruppe.ch\/suedafrika\/wp-json\/wp\/v2\/pages"}],"about":[{"href":"https:\/\/www.eineweltgruppe.ch\/suedafrika\/wp-json\/wp\/v2\/types\/page"}],"author":[{"embeddable":true,"href":"https:\/\/www.eineweltgruppe.ch\/suedafrika\/wp-json\/wp\/v2\/users\/1"}],"replies":[{"embeddable":true,"href":"https:\/\/www.eineweltgruppe.ch\/suedafrika\/wp-json\/wp\/v2\/comments?post=123"}],"version-history":[{"count":4,"href":"https:\/\/www.eineweltgruppe.ch\/suedafrika\/wp-json\/wp\/v2\/pages\/123\/revisions"}],"predecessor-version":[{"id":157,"href":"https:\/\/www.eineweltgruppe.ch\/suedafrika\/wp-json\/wp\/v2\/pages\/123\/revisions\/157"}],"wp:attachment":[{"href":"https:\/\/www.eineweltgruppe.ch\/suedafrika\/wp-json\/wp\/v2\/media?parent=123"}],"curies":[{"name":"wp","href":"https:\/\/api.w.org\/{rel}","templated":true}]}}