{"id":168,"date":"2023-06-26T14:57:57","date_gmt":"2023-06-26T14:57:57","guid":{"rendered":"https:\/\/www.eineweltgruppe.ch\/suedafrika\/?page_id=168"},"modified":"2023-06-26T14:57:57","modified_gmt":"2023-06-26T14:57:57","slug":"solidaritaet-schweiz-peru-projekte-g-baertschi","status":"publish","type":"page","link":"https:\/\/www.eineweltgruppe.ch\/suedafrika\/solidaritaet-schweiz-peru-projekte-g-baertschi\/","title":{"rendered":"Solidarit\u00e4t Schweiz-Peru Projekte G. B\u00e4rtschi"},"content":{"rendered":"\n<p><\/p>\n\n\n\n<p><\/p>\n\n\n\n<p>Unterst\u00fctzung von Menschen in abgelegenen Gebieten in Peru<\/p>\n\n\n\n<figure class=\"wp-block-table\"><table><tbody><tr><td>Gertrud B\u00e4rtschi hat in langj\u00e4hriger Arbeit acht Projekte in Peru aufgebaut. Sie setzt sich ein f\u00fcr<br><br>Strassenkinder, behinderte Kinder, Schulkinder in den hohen Anden, Frauen in Not, <strong>&nbsp; <\/strong><strong>&nbsp; <\/strong><strong><br><br><\/strong> <strong><br><br><\/strong> landwirtschaftlichen Aufbau und medizinische Hilfe in abgelegenen Gebieten.  &nbsp;<a href=\"http:\/\/www.solidaritaet-schweiz-peru.ch\"><strong>www.solidaritaet-schweiz-peru.ch<\/strong><\/a><\/td><\/tr><\/tbody><\/table><\/figure>\n\n\n\n<figure class=\"wp-block-image size-full\"><img loading=\"lazy\" decoding=\"async\" width=\"639\" height=\"479\" src=\"http:\/\/www.eineweltgruppe.ch\/wp-content\/uploads\/2023\/06\/Peru-1.jpg\" alt=\"\" class=\"wp-image-42\" srcset=\"https:\/\/www.eineweltgruppe.ch\/wp-content\/uploads\/2023\/06\/Peru-1.jpg 639w, https:\/\/www.eineweltgruppe.ch\/wp-content\/uploads\/2023\/06\/Peru-1-300x225.jpg 300w\" sizes=\"auto, (max-width: 639px) 100vw, 639px\" \/><\/figure>\n\n\n\n<figure class=\"wp-block-image size-full\"><img loading=\"lazy\" decoding=\"async\" width=\"636\" height=\"476\" src=\"http:\/\/www.eineweltgruppe.ch\/wp-content\/uploads\/2023\/06\/Peru-2.jpg\" alt=\"\" class=\"wp-image-43\" srcset=\"https:\/\/www.eineweltgruppe.ch\/wp-content\/uploads\/2023\/06\/Peru-2.jpg 636w, https:\/\/www.eineweltgruppe.ch\/wp-content\/uploads\/2023\/06\/Peru-2-300x225.jpg 300w\" sizes=\"auto, (max-width: 636px) 100vw, 636px\" \/><\/figure>\n\n\n\n<figure class=\"wp-block-image size-full\"><img loading=\"lazy\" decoding=\"async\" width=\"604\" height=\"453\" src=\"http:\/\/www.eineweltgruppe.ch\/wp-content\/uploads\/2023\/06\/Peru-3.jpg\" alt=\"\" class=\"wp-image-44\" srcset=\"https:\/\/www.eineweltgruppe.ch\/wp-content\/uploads\/2023\/06\/Peru-3.jpg 604w, https:\/\/www.eineweltgruppe.ch\/wp-content\/uploads\/2023\/06\/Peru-3-300x225.jpg 300w\" sizes=\"auto, (max-width: 604px) 100vw, 604px\" \/><\/figure>\n\n\n\n<figure class=\"wp-block-image size-full is-resized\"><img loading=\"lazy\" decoding=\"async\" src=\"http:\/\/www.eineweltgruppe.ch\/wp-content\/uploads\/2023\/06\/Peru-4.jpg\" alt=\"\" class=\"wp-image-50\" width=\"598\" height=\"448\"\/><\/figure>\n","protected":false},"excerpt":{"rendered":"<p>Unterst\u00fctzung von Menschen in abgelegenen Gebieten in Peru Gertrud B\u00e4rtschi hat in langj\u00e4hriger Arbeit acht Projekte in Peru aufgebaut. Sie setzt sich ein f\u00fcr Strassenkinder, behinderte Kinder, Schulkinder in den hohen Anden, Frauen in Not, &nbsp; &nbsp; landwirtschaftlichen Aufbau und medizinische Hilfe in abgelegenen Gebieten. &nbsp;www.solidaritaet-schweiz-peru.ch<\/p>\n","protected":false},"author":1,"featured_media":0,"parent":0,"menu_order":0,"comment_status":"closed","ping_status":"closed","template":"","meta":{"footnotes":""},"class_list":["post-168","page","type-page","status-publish","hentry"],"_links":{"self":[{"href":"https:\/\/www.eineweltgruppe.ch\/suedafrika\/wp-json\/wp\/v2\/pages\/168","targetHints":{"allow":["GET"]}}],"collection":[{"href":"https:\/\/www.eineweltgruppe.ch\/suedafrika\/wp-json\/wp\/v2\/pages"}],"about":[{"href":"https:\/\/www.eineweltgruppe.ch\/suedafrika\/wp-json\/wp\/v2\/types\/page"}],"author":[{"embeddable":true,"href":"https:\/\/www.eineweltgruppe.ch\/suedafrika\/wp-json\/wp\/v2\/users\/1"}],"replies":[{"embeddable":true,"href":"https:\/\/www.eineweltgruppe.ch\/suedafrika\/wp-json\/wp\/v2\/comments?post=168"}],"version-history":[{"count":6,"href":"https:\/\/www.eineweltgruppe.ch\/suedafrika\/wp-json\/wp\/v2\/pages\/168\/revisions"}],"predecessor-version":[{"id":224,"href":"https:\/\/www.eineweltgruppe.ch\/suedafrika\/wp-json\/wp\/v2\/pages\/168\/revisions\/224"}],"wp:attachment":[{"href":"https:\/\/www.eineweltgruppe.ch\/suedafrika\/wp-json\/wp\/v2\/media?parent=168"}],"curies":[{"name":"wp","href":"https:\/\/api.w.org\/{rel}","templated":true}]}}