{"id":172,"date":"2023-06-26T14:59:34","date_gmt":"2023-06-26T14:59:34","guid":{"rendered":"https:\/\/www.eineweltgruppe.ch\/suedafrika\/?page_id=172"},"modified":"2023-06-26T14:59:34","modified_gmt":"2023-06-26T14:59:34","slug":"finanzen","status":"publish","type":"page","link":"https:\/\/www.eineweltgruppe.ch\/suedafrika\/finanzen\/","title":{"rendered":"Finanzen"},"content":{"rendered":"\n<p>Wir erhalten Gelder von der reformierten und von der katholischen Kirchgemeinden sowie von den politischen Gemeinden Frenkendorf und F\u00fcllinsdorf.<br><\/p>\n\n\n\n<p>Weitere Mittel erhalten wir durch Spenden bei den Suppentagen, sowie durch Spenden von Privatpersonen und Organisationen. Beide Kirchgemeinden ber\u00fccksichtigen uns in ihrem Kollektenplan in Gottesdiensten.<br><\/p>\n\n\n\n<p>Ein gewissenhafter und sachgem\u00e4sser Umgang mit den Spenden ist zwingend. Wir w\u00e4hlen Projekte aus, die unser Vertrauen haben, bei denen Begleitung und Evaluation durch Organisationen vor Ort gew\u00e4hrleistet sind.  Wir lassen uns regelm\u00e4ssig durch die Projektverantwortlichen informieren und die Bezugspersonen sind uns vertraut.&nbsp; <br><br><\/p>\n\n\n\n<p class=\"has-text-align-left\" style=\"margin-top:var(--wp--preset--spacing--20);margin-right:var(--wp--preset--spacing--20);margin-bottom:var(--wp--preset--spacing--20);margin-left:var(--wp--preset--spacing--20)\">Unsere Bankverbindung<br>\u00d6kumenische Arbeitsgruppe EINE WELT<br>IBAN: CH13 0076 9016 2310 0193 7<br>Basellandschaftliche Kantonalbank<br>Rheinstrasse 7<br>4410 Liestal<\/p>\n\n\n\n<p>    <\/p>\n","protected":false},"excerpt":{"rendered":"<p>Wir erhalten Gelder von der reformierten und von der katholischen Kirchgemeinden sowie von den politischen Gemeinden Frenkendorf und F\u00fcllinsdorf. Weitere Mittel erhalten wir durch Spenden bei den Suppentagen, sowie durch Spenden von Privatpersonen und Organisationen. Beide Kirchgemeinden ber\u00fccksichtigen uns in ihrem Kollektenplan in Gottesdiensten. Ein gewissenhafter und sachgem\u00e4sser Umgang mit den Spenden ist zwingend. Wir [&hellip;]<\/p>\n","protected":false},"author":1,"featured_media":0,"parent":0,"menu_order":0,"comment_status":"closed","ping_status":"closed","template":"","meta":{"footnotes":""},"class_list":["post-172","page","type-page","status-publish","hentry"],"_links":{"self":[{"href":"https:\/\/www.eineweltgruppe.ch\/suedafrika\/wp-json\/wp\/v2\/pages\/172","targetHints":{"allow":["GET"]}}],"collection":[{"href":"https:\/\/www.eineweltgruppe.ch\/suedafrika\/wp-json\/wp\/v2\/pages"}],"about":[{"href":"https:\/\/www.eineweltgruppe.ch\/suedafrika\/wp-json\/wp\/v2\/types\/page"}],"author":[{"embeddable":true,"href":"https:\/\/www.eineweltgruppe.ch\/suedafrika\/wp-json\/wp\/v2\/users\/1"}],"replies":[{"embeddable":true,"href":"https:\/\/www.eineweltgruppe.ch\/suedafrika\/wp-json\/wp\/v2\/comments?post=172"}],"version-history":[{"count":19,"href":"https:\/\/www.eineweltgruppe.ch\/suedafrika\/wp-json\/wp\/v2\/pages\/172\/revisions"}],"predecessor-version":[{"id":215,"href":"https:\/\/www.eineweltgruppe.ch\/suedafrika\/wp-json\/wp\/v2\/pages\/172\/revisions\/215"}],"wp:attachment":[{"href":"https:\/\/www.eineweltgruppe.ch\/suedafrika\/wp-json\/wp\/v2\/media?parent=172"}],"curies":[{"name":"wp","href":"https:\/\/api.w.org\/{rel}","templated":true}]}}